{"id":175,"date":"2025-02-13T17:16:17","date_gmt":"2025-02-13T17:16:17","guid":{"rendered":"https:\/\/mh-trefelling.no\/?page_id=175"},"modified":"2025-03-04T21:38:57","modified_gmt":"2025-03-04T21:38:57","slug":"flishugging","status":"publish","type":"page","link":"https:\/\/mh-trefelling.no\/index.php\/flishugging\/","title":{"rendered":"Flishugging"},"content":{"rendered":"\n<figure class=\"wp-block-image aligncenter size-full is-resized\"><img loading=\"lazy\" decoding=\"async\" width=\"550\" height=\"550\" src=\"https:\/\/mh-trefelling.no\/wp-content\/uploads\/2025\/03\/150mm-trailer-mounted-commercial-diesel-chipper-for-hire-2552-p.jpg\" alt=\"Flishugging\" class=\"wp-image-291\" style=\"aspect-ratio:1.7777777777777777;object-fit:cover;width:612px;height:auto\" title=\"\" srcset=\"https:\/\/mh-trefelling.no\/wp-content\/uploads\/2025\/03\/150mm-trailer-mounted-commercial-diesel-chipper-for-hire-2552-p.jpg 550w, https:\/\/mh-trefelling.no\/wp-content\/uploads\/2025\/03\/150mm-trailer-mounted-commercial-diesel-chipper-for-hire-2552-p-300x300.jpg 300w, https:\/\/mh-trefelling.no\/wp-content\/uploads\/2025\/03\/150mm-trailer-mounted-commercial-diesel-chipper-for-hire-2552-p-150x150.jpg 150w\" sizes=\"auto, (max-width: 550px) 100vw, 550px\" \/><\/figure>\n\n\n\n<p class=\"has-tertiary-background-color has-background\">Har du&nbsp;felt et tre&nbsp;og \u00f8nsker \u00e5 bli kvitt det? Eller har du hagen full av grener etter en \u00e5rlig&nbsp;beskj\u00e6ring?<\/p>\n\n\n\n<p class=\"has-tertiary-background-color has-background\">Den beste og billigste m\u00e5ten \u00e5 bli kvitt dette p\u00e5, er ofte \u00e5 flishugge det til trefliser. Disse treflisene er i tillegg ypperlig som organisk dekkbark.<\/p>\n\n\n\n<p class=\"has-tertiary-background-color has-background\">Hvis du vil ha hjelp til \u00e5 flishugge trevirke, <a href=\"https:\/\/mh-trefelling.no\/index.php\/kontakt-oss\/\">kontakt oss<\/a> i dag! S\u00e5 kommer vi med en flishugger og hjelpe deg.<\/p>\n\n\n\n<p class=\"has-tertiary-background-color has-background\">Vi freser hele tr\u00e6r, grener, busker, alle tresorter.<\/p>\n\n\n\n<p class=\"has-tertiary-background-color has-background\">Kontakt oss i dag s\u00e5 kommer vi p\u00e5 befaring og gj\u00f8r en vurdering. <strong>Helt kostnadsfritt!<\/strong> \ud83d\udc4d<\/p>\n\n\n\n<p class=\"has-tertiary-background-color has-background\"><strong>Hvorfor Flise Tr\u00e6r og Grener?<\/strong><\/p>\n\n\n\n<p class=\"has-tertiary-background-color has-background\"><em><strong>Det er flere grunner at det kan v\u00e6re et bra alternativ \u00e5 flise tr\u00e6r og grener. Noen av de vanligste er.<\/strong><\/em><\/p>\n\n\n\n<p class=\"has-tertiary-background-color has-background\">Et tre kan v\u00e6re tungt, og det kan v\u00e6re vanskelig eller tidkrevende \u00e5 frakte det vekk eller hugge det opp. \u00c5 flise det med en trefliser er en enkel og kjapp m\u00e5te \u00e5 fjerne det p\u00e5.<\/p>\n\n\n\n<p class=\"has-tertiary-background-color has-background\">Hvis du har et stort antall grener du vil fjerne, er ofte flising den kjappeste og mest \u00f8konomiske l\u00f8sningen.<\/p>\n\n\n\n<p class=\"has-tertiary-background-color has-background\">Flishugging eliminerer behovet for \u00e5 brenne trevirke, noe som reduserer luftforurensning og brannfare.<\/p>\n\n\n\n<p class=\"has-tertiary-background-color has-background\">Ved \u00e5 flishugge trevirke unng\u00e5r man \u00e5 fylle opp deponier med organisk materiale som kan gjenbrukes.<\/p>\n\n\n\n<p class=\"has-tertiary-background-color has-background\">Flis fra v\u00e5r flishugger egner seg ypperlig som organisk dekkbark for blomsterbed, skr\u00e5ninger, landskapsarbeid og restaurering av \u00f8kosystemer. Dekkbark stopper ugressvekst, holder jorda fuktig og regulerer jordtemperaturen. Dekkbark er dyrt, s\u00e5 dette sparer penger.<\/p>\n\n\n\n<p class=\"has-tertiary-background-color has-background\">Dekkbark er ogs\u00e5 perfekt som dekke for stier og sm\u00e5 gangveier.<\/p>\n\n\n\n<div style=\"height:200px\" aria-hidden=\"true\" class=\"wp-block-spacer\"><\/div>\n\n\n\n<figure class=\"wp-block-image aligncenter size-large is-resized\"><a href=\"https:\/\/realpcservice.no\/\" target=\"_blank\" rel=\"noopener\"><img loading=\"lazy\" decoding=\"async\" width=\"1024\" height=\"556\" src=\"https:\/\/mh-trefelling.no\/wp-content\/uploads\/2025\/03\/Real-PC-png-1024x556.png\" alt=\"\" class=\"wp-image-189\" style=\"width:600px\" title=\"\" srcset=\"https:\/\/mh-trefelling.no\/wp-content\/uploads\/2025\/03\/Real-PC-png-1024x556.png 1024w, https:\/\/mh-trefelling.no\/wp-content\/uploads\/2025\/03\/Real-PC-png-300x163.png 300w, https:\/\/mh-trefelling.no\/wp-content\/uploads\/2025\/03\/Real-PC-png-768x417.png 768w, https:\/\/mh-trefelling.no\/wp-content\/uploads\/2025\/03\/Real-PC-png.png 1063w\" sizes=\"auto, (max-width: 1024px) 100vw, 1024px\" \/><\/a><\/figure>\n","protected":false},"excerpt":{"rendered":"<p>Har du&nbsp;felt et tre&nbsp;og \u00f8nsker \u00e5 bli kvitt det? Eller har du hagen full av grener etter en \u00e5rlig&nbsp;beskj\u00e6ring? Den beste og billigste m\u00e5ten \u00e5 bli kvitt dette p\u00e5, er ofte \u00e5 flishugge det til trefliser. Disse treflisene er i tillegg ypperlig som organisk dekkbark. Hvis du vil ha hjelp til \u00e5 flishugge trevirke, kontakt [&hellip;]<\/p>\n","protected":false},"author":1,"featured_media":0,"parent":0,"menu_order":0,"comment_status":"closed","ping_status":"closed","template":"","meta":{"footnotes":""},"class_list":["post-175","page","type-page","status-publish","hentry"],"_links":{"self":[{"href":"https:\/\/mh-trefelling.no\/index.php\/wp-json\/wp\/v2\/pages\/175","targetHints":{"allow":["GET"]}}],"collection":[{"href":"https:\/\/mh-trefelling.no\/index.php\/wp-json\/wp\/v2\/pages"}],"about":[{"href":"https:\/\/mh-trefelling.no\/index.php\/wp-json\/wp\/v2\/types\/page"}],"author":[{"embeddable":true,"href":"https:\/\/mh-trefelling.no\/index.php\/wp-json\/wp\/v2\/users\/1"}],"replies":[{"embeddable":true,"href":"https:\/\/mh-trefelling.no\/index.php\/wp-json\/wp\/v2\/comments?post=175"}],"version-history":[{"count":6,"href":"https:\/\/mh-trefelling.no\/index.php\/wp-json\/wp\/v2\/pages\/175\/revisions"}],"predecessor-version":[{"id":305,"href":"https:\/\/mh-trefelling.no\/index.php\/wp-json\/wp\/v2\/pages\/175\/revisions\/305"}],"wp:attachment":[{"href":"https:\/\/mh-trefelling.no\/index.php\/wp-json\/wp\/v2\/media?parent=175"}],"curies":[{"name":"wp","href":"https:\/\/api.w.org\/{rel}","templated":true}]}}